{"id":251,"date":"2025-03-20T02:25:16","date_gmt":"2025-03-20T02:25:16","guid":{"rendered":"https:\/\/camaracolombiacroacia.org\/?page_id=251"},"modified":"2025-03-20T02:27:43","modified_gmt":"2025-03-20T02:27:43","slug":"perfiles-economicos-y-comerciales","status":"publish","type":"page","link":"https:\/\/camaracolombiacroacia.org\/hr\/perfiles-economicos-y-comerciales\/","title":{"rendered":"Perfiles econ\u00f3micos y comerciales"},"content":{"rendered":"<div class=\"wpb-content-wrapper\"><div class=\"vc_row wpb_row vc_row-fluid\"><div class=\"wpb_column vc_column_container vc_col-sm-12\"><div class=\"vc_column-inner\"><div class=\"wpb_wrapper\">\n\t\t<div id=\"wd-67db7c55420ea\" class=\"title-wrapper wd-wpb wd-set-mb reset-last-child  wd-rs-67db7c55420ea wd-title-color-primary wd-title-style-underlined text-center  wd-underline-colored\">\n\t\t\t\n\t\t\t<div class=\"liner-continer\">\n\t\t\t\t<h4 class=\"woodmart-title-container title  wd-font-weight- wd-fontsize-l\" ><strong>PERFILES ECON\u00d3MICOS Y COMERCIALES<\/strong><\/h4>\n\t\t\t\t\t\t\t<\/div>\n\t\t\t\n\t\t\t\t\t\t\t<div class=\"title-after_title reset-last-child  wd-fontsize-xs\">En esta secci\u00f3n encontrar\u00e1 informaci\u00f3n relacionada con Comercio Exterior, Inversi\u00f3n, Turismo y algunos indicadores demogr\u00e1ficos y macroecon\u00f3micos.<\/div>\n\t\t\t\n\t\t\t\n\t\t<\/div>\n\t\t\n\t\t<\/div><\/div><\/div><\/div><div class=\"vc_row wpb_row vc_row-fluid\"><div class=\"wpb_column vc_column_container vc_col-sm-12\"><div class=\"vc_column-inner\"><div class=\"wpb_wrapper\">\n\t<div class=\"wpb_text_column wpb_content_element\" >\n\t\t<div class=\"wpb_wrapper\">\n\t\t\t<p>Los documentos describen los perfiles de pa\u00edses con los que Colombia tiene un acuerdo comercial y otros con los que existe una relaci\u00f3n comercial bilateral.<\/p>\n\n\t\t<\/div>\n\t<\/div>\n<\/div><\/div><\/div><\/div><div class=\"vc_row wpb_row vc_row-fluid\"><div class=\"wpb_column vc_column_container vc_col-sm-6\"><div class=\"vc_column-inner\"><div class=\"wpb_wrapper\">\n\t<div class=\"wpb_text_column wpb_content_element\" >\n\t\t<div class=\"wpb_wrapper\">\n\t\t\t<a href=\"https:\/\/camaracolombiacroacia.org\/wp-content\/uploads\/2025\/03\/OEE-DV-Perfil-Colombia-27feb25.pdf\" class=\"pdfemb-viewer\" style=\"\" data-width=\"max\" data-height=\"max\" data-toolbar=\"bottom\" data-toolbar-fixed=\"off\">OEE-DV-Perfil-Colombia-27feb25<\/a>\n\n\t\t<\/div>\n\t<\/div>\n<\/div><\/div><\/div><div class=\"wpb_column vc_column_container vc_col-sm-6\"><div class=\"vc_column-inner\"><div class=\"wpb_wrapper\">\n\t<div class=\"wpb_text_column wpb_content_element\" >\n\t\t<div class=\"wpb_wrapper\">\n\t\t\t<a href=\"https:\/\/camaracolombiacroacia.org\/wp-content\/uploads\/2025\/03\/OEE-DC-Perfil-Croacia-19Feb25-1-1.pdf\" class=\"pdfemb-viewer\" style=\"\" data-width=\"max\" data-height=\"max\" data-toolbar=\"bottom\" data-toolbar-fixed=\"off\">OEE DC Perfil Croacia 19Feb25 (1) (1)<\/a>\n\n\t\t<\/div>\n\t<\/div>\n<\/div><\/div><\/div><\/div>\n<\/div>","protected":false},"excerpt":{"rendered":"PERFILES ECON\u00d3MICOS Y COMERCIALES En esta secci\u00f3n encontrar\u00e1 informaci\u00f3n relacionada con Comercio Exterior, Inversi\u00f3n, Turismo y algunos indicadores demogr\u00e1ficos y","protected":false},"author":2,"featured_media":0,"parent":0,"menu_order":0,"comment_status":"closed","ping_status":"closed","template":"","meta":{"footnotes":""},"class_list":["post-251","page","type-page","status-publish","hentry"],"yoast_head":"<!-- This site is optimized with the Yoast SEO plugin v27.2 - https:\/\/yoast.com\/product\/yoast-seo-wordpress\/ -->\n<title>Perfiles econ\u00f3micos y comerciales - camaracolombiacroacia.org<\/title>\n<meta name=\"robots\" content=\"index, follow, max-snippet:-1, max-image-preview:large, max-video-preview:-1\" \/>\n<link rel=\"canonical\" href=\"https:\/\/camaracolombiacroacia.org\/hr\/perfiles-economicos-y-comerciales\/\" \/>\n<meta property=\"og:locale\" content=\"hr_HR\" \/>\n<meta property=\"og:type\" content=\"article\" \/>\n<meta property=\"og:title\" content=\"Perfiles econ\u00f3micos y comerciales - camaracolombiacroacia.org\" \/>\n<meta property=\"og:url\" content=\"https:\/\/camaracolombiacroacia.org\/hr\/perfiles-economicos-y-comerciales\/\" \/>\n<meta property=\"og:site_name\" content=\"camaracolombiacroacia.org\" \/>\n<meta property=\"article:publisher\" content=\"https:\/\/www.facebook.com\/profile.php?id=61561865949317\" \/>\n<meta property=\"article:modified_time\" content=\"2025-03-20T02:27:43+00:00\" \/>\n<meta property=\"og:image\" content=\"https:\/\/camaracolombiacroacia.org\/wp-content\/uploads\/2025\/03\/Logo-Camara-Colombia-Croacia-SOMOS2.png\" \/>\n\t<meta property=\"og:image:width\" content=\"512\" \/>\n\t<meta property=\"og:image:height\" content=\"256\" \/>\n\t<meta property=\"og:image:type\" content=\"image\/png\" \/>\n<meta name=\"twitter:card\" content=\"summary_large_image\" \/>\n<meta name=\"twitter:label1\" content=\"Procijenjeno vrijeme \u010ditanja\" \/>\n\t<meta name=\"twitter:data1\" content=\"1 minuta\" \/>\n<script type=\"application\/ld+json\" class=\"yoast-schema-graph\">{\"@context\":\"https:\/\/schema.org\",\"@graph\":[{\"@type\":\"WebPage\",\"@id\":\"https:\/\/camaracolombiacroacia.org\/perfiles-economicos-y-comerciales\/\",\"url\":\"https:\/\/camaracolombiacroacia.org\/perfiles-economicos-y-comerciales\/\",\"name\":\"Perfiles econ\u00f3micos y comerciales - camaracolombiacroacia.org\",\"isPartOf\":{\"@id\":\"https:\/\/camaracolombiacroacia.org\/#website\"},\"datePublished\":\"2025-03-20T02:25:16+00:00\",\"dateModified\":\"2025-03-20T02:27:43+00:00\",\"breadcrumb\":{\"@id\":\"https:\/\/camaracolombiacroacia.org\/perfiles-economicos-y-comerciales\/#breadcrumb\"},\"inLanguage\":\"hr\",\"potentialAction\":[{\"@type\":\"ReadAction\",\"target\":[\"https:\/\/camaracolombiacroacia.org\/perfiles-economicos-y-comerciales\/\"]}]},{\"@type\":\"BreadcrumbList\",\"@id\":\"https:\/\/camaracolombiacroacia.org\/perfiles-economicos-y-comerciales\/#breadcrumb\",\"itemListElement\":[{\"@type\":\"ListItem\",\"position\":1,\"name\":\"Inicio\",\"item\":\"https:\/\/camaracolombiacroacia.org\/\"},{\"@type\":\"ListItem\",\"position\":2,\"name\":\"Perfiles econ\u00f3micos y comerciales\"}]},{\"@type\":\"WebSite\",\"@id\":\"https:\/\/camaracolombiacroacia.org\/#website\",\"url\":\"https:\/\/camaracolombiacroacia.org\/\",\"name\":\"C\u00e1mara Comercio Colombia Croacia\",\"description\":\"Somos el puente que conecta a Colombia y Croacia\",\"publisher\":{\"@id\":\"https:\/\/camaracolombiacroacia.org\/#organization\"},\"potentialAction\":[{\"@type\":\"SearchAction\",\"target\":{\"@type\":\"EntryPoint\",\"urlTemplate\":\"https:\/\/camaracolombiacroacia.org\/?s={search_term_string}\"},\"query-input\":{\"@type\":\"PropertyValueSpecification\",\"valueRequired\":true,\"valueName\":\"search_term_string\"}}],\"inLanguage\":\"hr\"},{\"@type\":\"Organization\",\"@id\":\"https:\/\/camaracolombiacroacia.org\/#organization\",\"name\":\"C\u00e1mara Comercio Colombia Croacia\",\"url\":\"https:\/\/camaracolombiacroacia.org\/\",\"logo\":{\"@type\":\"ImageObject\",\"inLanguage\":\"hr\",\"@id\":\"https:\/\/camaracolombiacroacia.org\/#\/schema\/logo\/image\/\",\"url\":\"https:\/\/camaracolombiacroacia.org\/wp-content\/uploads\/2025\/03\/Logo-Camara-Colombia-Croacia-SOMOS2.png\",\"contentUrl\":\"https:\/\/camaracolombiacroacia.org\/wp-content\/uploads\/2025\/03\/Logo-Camara-Colombia-Croacia-SOMOS2.png\",\"width\":512,\"height\":256,\"caption\":\"C\u00e1mara Comercio Colombia Croacia\"},\"image\":{\"@id\":\"https:\/\/camaracolombiacroacia.org\/#\/schema\/logo\/image\/\"},\"sameAs\":[\"https:\/\/www.facebook.com\/profile.php?id=61561865949317\",\"https:\/\/www.instagram.com\/somoscolombocroatas\/\"]}]}<\/script>\n<!-- \/ Yoast SEO plugin. -->","yoast_head_json":{"title":"Perfiles econ\u00f3micos y comerciales - camaracolombiacroacia.org","robots":{"index":"index","follow":"follow","max-snippet":"max-snippet:-1","max-image-preview":"max-image-preview:large","max-video-preview":"max-video-preview:-1"},"canonical":"https:\/\/camaracolombiacroacia.org\/hr\/perfiles-economicos-y-comerciales\/","og_locale":"hr_HR","og_type":"article","og_title":"Perfiles econ\u00f3micos y comerciales - camaracolombiacroacia.org","og_url":"https:\/\/camaracolombiacroacia.org\/hr\/perfiles-economicos-y-comerciales\/","og_site_name":"camaracolombiacroacia.org","article_publisher":"https:\/\/www.facebook.com\/profile.php?id=61561865949317","article_modified_time":"2025-03-20T02:27:43+00:00","og_image":[{"width":512,"height":256,"url":"https:\/\/camaracolombiacroacia.org\/wp-content\/uploads\/2025\/03\/Logo-Camara-Colombia-Croacia-SOMOS2.png","type":"image\/png"}],"twitter_card":"summary_large_image","twitter_misc":{"Procijenjeno vrijeme \u010ditanja":"1 minuta"},"schema":{"@context":"https:\/\/schema.org","@graph":[{"@type":"WebPage","@id":"https:\/\/camaracolombiacroacia.org\/perfiles-economicos-y-comerciales\/","url":"https:\/\/camaracolombiacroacia.org\/perfiles-economicos-y-comerciales\/","name":"Perfiles econ\u00f3micos y comerciales - camaracolombiacroacia.org","isPartOf":{"@id":"https:\/\/camaracolombiacroacia.org\/#website"},"datePublished":"2025-03-20T02:25:16+00:00","dateModified":"2025-03-20T02:27:43+00:00","breadcrumb":{"@id":"https:\/\/camaracolombiacroacia.org\/perfiles-economicos-y-comerciales\/#breadcrumb"},"inLanguage":"hr","potentialAction":[{"@type":"ReadAction","target":["https:\/\/camaracolombiacroacia.org\/perfiles-economicos-y-comerciales\/"]}]},{"@type":"BreadcrumbList","@id":"https:\/\/camaracolombiacroacia.org\/perfiles-economicos-y-comerciales\/#breadcrumb","itemListElement":[{"@type":"ListItem","position":1,"name":"Inicio","item":"https:\/\/camaracolombiacroacia.org\/"},{"@type":"ListItem","position":2,"name":"Perfiles econ\u00f3micos y comerciales"}]},{"@type":"WebSite","@id":"https:\/\/camaracolombiacroacia.org\/#website","url":"https:\/\/camaracolombiacroacia.org\/","name":"C\u00e1mara Comercio Colombia Croacia","description":"Somos el puente que conecta a Colombia y Croacia","publisher":{"@id":"https:\/\/camaracolombiacroacia.org\/#organization"},"potentialAction":[{"@type":"SearchAction","target":{"@type":"EntryPoint","urlTemplate":"https:\/\/camaracolombiacroacia.org\/?s={search_term_string}"},"query-input":{"@type":"PropertyValueSpecification","valueRequired":true,"valueName":"search_term_string"}}],"inLanguage":"hr"},{"@type":"Organization","@id":"https:\/\/camaracolombiacroacia.org\/#organization","name":"C\u00e1mara Comercio Colombia Croacia","url":"https:\/\/camaracolombiacroacia.org\/","logo":{"@type":"ImageObject","inLanguage":"hr","@id":"https:\/\/camaracolombiacroacia.org\/#\/schema\/logo\/image\/","url":"https:\/\/camaracolombiacroacia.org\/wp-content\/uploads\/2025\/03\/Logo-Camara-Colombia-Croacia-SOMOS2.png","contentUrl":"https:\/\/camaracolombiacroacia.org\/wp-content\/uploads\/2025\/03\/Logo-Camara-Colombia-Croacia-SOMOS2.png","width":512,"height":256,"caption":"C\u00e1mara Comercio Colombia Croacia"},"image":{"@id":"https:\/\/camaracolombiacroacia.org\/#\/schema\/logo\/image\/"},"sameAs":["https:\/\/www.facebook.com\/profile.php?id=61561865949317","https:\/\/www.instagram.com\/somoscolombocroatas\/"]}]}},"_hostinger_reach_plugin_has_subscription_block":false,"_hostinger_reach_plugin_is_elementor":false,"_links":{"self":[{"href":"https:\/\/camaracolombiacroacia.org\/hr\/wp-json\/wp\/v2\/pages\/251","targetHints":{"allow":["GET"]}}],"collection":[{"href":"https:\/\/camaracolombiacroacia.org\/hr\/wp-json\/wp\/v2\/pages"}],"about":[{"href":"https:\/\/camaracolombiacroacia.org\/hr\/wp-json\/wp\/v2\/types\/page"}],"author":[{"embeddable":true,"href":"https:\/\/camaracolombiacroacia.org\/hr\/wp-json\/wp\/v2\/users\/2"}],"replies":[{"embeddable":true,"href":"https:\/\/camaracolombiacroacia.org\/hr\/wp-json\/wp\/v2\/comments?post=251"}],"version-history":[{"count":3,"href":"https:\/\/camaracolombiacroacia.org\/hr\/wp-json\/wp\/v2\/pages\/251\/revisions"}],"predecessor-version":[{"id":257,"href":"https:\/\/camaracolombiacroacia.org\/hr\/wp-json\/wp\/v2\/pages\/251\/revisions\/257"}],"wp:attachment":[{"href":"https:\/\/camaracolombiacroacia.org\/hr\/wp-json\/wp\/v2\/media?parent=251"}],"curies":[{"name":"wp","href":"https:\/\/api.w.org\/{rel}","templated":true}]}}