{"id":125,"date":"2025-03-12T18:24:50","date_gmt":"2025-03-12T18:24:50","guid":{"rendered":"https:\/\/camaracolombiacroacia.org\/?page_id=125"},"modified":"2025-03-20T02:04:19","modified_gmt":"2025-03-20T02:04:19","slug":"diaspora-croata","status":"publish","type":"page","link":"https:\/\/camaracolombiacroacia.org\/hr\/diaspora-croata\/","title":{"rendered":"Hrvatska dijaspora"},"content":{"rendered":"<div class=\"wpb-content-wrapper\"><div class=\"vc_row wpb_row vc_row-fluid\"><div class=\"wpb_column vc_column_container vc_col-sm-6\"><div class=\"vc_column-inner\"><div class=\"wpb_wrapper\">\n\t<div  class=\"wpb_single_image wpb_content_element vc_align_center\">\n\t\t\n\t\t<figure class=\"wpb_wrapper vc_figure\">\n\t\t\t<div class=\"vc_single_image-wrapper   vc_box_border_grey\"><img loading=\"lazy\" decoding=\"async\" width=\"500\" height=\"500\" src=\"https:\/\/camaracolombiacroacia.org\/wp-content\/uploads\/2025\/03\/logo-sem-texto-png-canvas.png\" class=\"vc_single_image-img attachment-full\" alt=\"\" title=\"logo-sem-texto-png-canvas\" srcset=\"https:\/\/camaracolombiacroacia.org\/wp-content\/uploads\/2025\/03\/logo-sem-texto-png-canvas.png 500w, https:\/\/camaracolombiacroacia.org\/wp-content\/uploads\/2025\/03\/logo-sem-texto-png-canvas-300x300.png 300w, https:\/\/camaracolombiacroacia.org\/wp-content\/uploads\/2025\/03\/logo-sem-texto-png-canvas-150x150.png 150w\" sizes=\"auto, (max-width: 500px) 100vw, 500px\" \/><\/div>\n\t\t<\/figure>\n\t<\/div>\n<\/div><\/div><\/div><div class=\"wpb_column vc_column_container vc_col-sm-6\"><div class=\"vc_column-inner\"><div class=\"wpb_wrapper\">\n\t<div class=\"wpb_text_column wpb_content_element\" >\n\t\t<div class=\"wpb_wrapper\">\n\t\t\t<p><strong>Di\u00e1spora Croata: Uniendo culturas y generaciones&#8221;<\/strong><\/p>\n<p>La\u00a0<strong>Hrvatska dijaspora<\/strong>\u00a0es un fen\u00f3meno hist\u00f3rico y cultural que ha llevado la riqueza de Croacia a diferentes rincones del mundo. Se refiere a la comunidad de croatas y sus descendientes que viven fuera de Croacia, manteniendo vivas sus tradiciones, idioma y conexi\u00f3n con sus ra\u00edces. Esta di\u00e1spora no solo preserva la identidad croata, sino que tambi\u00e9n fortalece los lazos entre Croacia y los pa\u00edses que acogen a sus comunidades.<\/p>\n<h4><strong>El Encuentro de la Di\u00e1spora Croata<\/strong><\/h4>\n<p>Uno de los eventos m\u00e1s importantes para la di\u00e1spora es el\u00a0<strong>Encuentro de la Di\u00e1spora Croata<\/strong>, que re\u00fane a miles de personas de todo el mundo. En 2025, este evento se llevar\u00e1 a cabo en\u00a0<strong>S\u00e3o Paulo, Brasil<\/strong>, del\u00a0<strong>20 al 23 de marzo<\/strong>.<\/p>\n<h4><\/h4>\n\n\t\t<\/div>\n\t<\/div>\n<\/div><\/div><\/div><\/div><div class=\"vc_row wpb_row vc_row-fluid\"><div class=\"wpb_column vc_column_container vc_col-sm-12\"><div class=\"vc_column-inner\"><div class=\"wpb_wrapper\">\n\t<div class=\"wpb_text_column wpb_content_element\" >\n\t\t<div class=\"wpb_wrapper\">\n\t\t\t<h4><strong>Programa del evento<\/strong><\/h4>\n<p>El programa del encuentro est\u00e1 dise\u00f1ado para celebrar la cultura croata, fomentar el intercambio cultural y fortalecer los lazos entre las comunidades. Algunas de las actividades incluyen:<\/p>\n<ul>\n<li><strong>Ceremonias de apertura y clausura<\/strong>: Momentos emotivos que re\u00fanen a la comunidad.<\/li>\n<li><strong>Conferencias y paneles<\/strong>: Charlas sobre temas como la preservaci\u00f3n de la cultura croata, el papel de las nuevas generaciones y las oportunidades de negocio.<\/li>\n<li><strong>Feria cultural<\/strong>: Exposiciones de gastronom\u00eda, m\u00fasica, danza y artesan\u00edas croatas.<\/li>\n<li><strong>Actividades para j\u00f3venes<\/strong>: Talleres y din\u00e1micas que involucran a las nuevas generaciones.<\/li>\n<li><strong>Encuentros de negocios<\/strong>: Espacios para establecer conexiones comerciales entre croatas y sudamericanos.<\/li>\n<\/ul>\n<h4><strong>Importancia de la Di\u00e1spora<\/strong><\/h4>\n<p>La di\u00e1spora croata no solo mantiene vivas las tradiciones, sino que tambi\u00e9n promueve el intercambio cultural y econ\u00f3mico entre Croacia y los pa\u00edses donde se establece. Eventos como este son una oportunidad para reconectar con las ra\u00edces, compartir experiencias y construir un futuro juntos.<\/p>\n\n\t\t<\/div>\n\t<\/div>\n<\/div><\/div><\/div><\/div>\n<\/div>","protected":false},"excerpt":{"rendered":"Di\u00e1spora Croata: Uniendo culturas y generaciones\" La\u00a0Di\u00e1spora Croata\u00a0es un fen\u00f3meno hist\u00f3rico y cultural que ha llevado la riqueza de Croacia","protected":false},"author":2,"featured_media":0,"parent":0,"menu_order":0,"comment_status":"closed","ping_status":"closed","template":"","meta":{"footnotes":""},"class_list":["post-125","page","type-page","status-publish","hentry"],"yoast_head":"<!-- This site is optimized with the Yoast SEO plugin v27.2 - https:\/\/yoast.com\/product\/yoast-seo-wordpress\/ -->\n<title>Di\u00e1spora Croata - camaracolombiacroacia.org<\/title>\n<meta name=\"robots\" content=\"index, follow, max-snippet:-1, max-image-preview:large, max-video-preview:-1\" \/>\n<link rel=\"canonical\" href=\"https:\/\/camaracolombiacroacia.org\/hr\/diaspora-croata\/\" \/>\n<meta property=\"og:locale\" content=\"hr_HR\" \/>\n<meta property=\"og:type\" content=\"article\" \/>\n<meta property=\"og:title\" content=\"Di\u00e1spora Croata - camaracolombiacroacia.org\" \/>\n<meta property=\"og:url\" content=\"https:\/\/camaracolombiacroacia.org\/hr\/diaspora-croata\/\" \/>\n<meta property=\"og:site_name\" content=\"camaracolombiacroacia.org\" \/>\n<meta property=\"article:publisher\" content=\"https:\/\/www.facebook.com\/profile.php?id=61561865949317\" \/>\n<meta property=\"article:modified_time\" content=\"2025-03-20T02:04:19+00:00\" \/>\n<meta property=\"og:image\" content=\"https:\/\/camaracolombiacroacia.org\/wp-content\/uploads\/2025\/03\/Logo-Camara-Colombia-Croacia-SOMOS2.png\" \/>\n\t<meta property=\"og:image:width\" content=\"512\" \/>\n\t<meta property=\"og:image:height\" content=\"256\" \/>\n\t<meta property=\"og:image:type\" content=\"image\/png\" \/>\n<meta name=\"twitter:card\" content=\"summary_large_image\" \/>\n<meta name=\"twitter:label1\" content=\"Procijenjeno vrijeme \u010ditanja\" \/>\n\t<meta name=\"twitter:data1\" content=\"2 minute\" \/>\n<script type=\"application\/ld+json\" class=\"yoast-schema-graph\">{\"@context\":\"https:\/\/schema.org\",\"@graph\":[{\"@type\":\"WebPage\",\"@id\":\"https:\/\/camaracolombiacroacia.org\/diaspora-croata\/\",\"url\":\"https:\/\/camaracolombiacroacia.org\/diaspora-croata\/\",\"name\":\"Di\u00e1spora Croata - camaracolombiacroacia.org\",\"isPartOf\":{\"@id\":\"https:\/\/camaracolombiacroacia.org\/#website\"},\"datePublished\":\"2025-03-12T18:24:50+00:00\",\"dateModified\":\"2025-03-20T02:04:19+00:00\",\"breadcrumb\":{\"@id\":\"https:\/\/camaracolombiacroacia.org\/diaspora-croata\/#breadcrumb\"},\"inLanguage\":\"hr\",\"potentialAction\":[{\"@type\":\"ReadAction\",\"target\":[\"https:\/\/camaracolombiacroacia.org\/diaspora-croata\/\"]}]},{\"@type\":\"BreadcrumbList\",\"@id\":\"https:\/\/camaracolombiacroacia.org\/diaspora-croata\/#breadcrumb\",\"itemListElement\":[{\"@type\":\"ListItem\",\"position\":1,\"name\":\"Inicio\",\"item\":\"https:\/\/camaracolombiacroacia.org\/\"},{\"@type\":\"ListItem\",\"position\":2,\"name\":\"Di\u00e1spora Croata\"}]},{\"@type\":\"WebSite\",\"@id\":\"https:\/\/camaracolombiacroacia.org\/#website\",\"url\":\"https:\/\/camaracolombiacroacia.org\/\",\"name\":\"C\u00e1mara Comercio Colombia Croacia\",\"description\":\"Somos el puente que conecta a Colombia y Croacia\",\"publisher\":{\"@id\":\"https:\/\/camaracolombiacroacia.org\/#organization\"},\"potentialAction\":[{\"@type\":\"SearchAction\",\"target\":{\"@type\":\"EntryPoint\",\"urlTemplate\":\"https:\/\/camaracolombiacroacia.org\/?s={search_term_string}\"},\"query-input\":{\"@type\":\"PropertyValueSpecification\",\"valueRequired\":true,\"valueName\":\"search_term_string\"}}],\"inLanguage\":\"hr\"},{\"@type\":\"Organization\",\"@id\":\"https:\/\/camaracolombiacroacia.org\/#organization\",\"name\":\"C\u00e1mara Comercio Colombia Croacia\",\"url\":\"https:\/\/camaracolombiacroacia.org\/\",\"logo\":{\"@type\":\"ImageObject\",\"inLanguage\":\"hr\",\"@id\":\"https:\/\/camaracolombiacroacia.org\/#\/schema\/logo\/image\/\",\"url\":\"https:\/\/camaracolombiacroacia.org\/wp-content\/uploads\/2025\/03\/Logo-Camara-Colombia-Croacia-SOMOS2.png\",\"contentUrl\":\"https:\/\/camaracolombiacroacia.org\/wp-content\/uploads\/2025\/03\/Logo-Camara-Colombia-Croacia-SOMOS2.png\",\"width\":512,\"height\":256,\"caption\":\"C\u00e1mara Comercio Colombia Croacia\"},\"image\":{\"@id\":\"https:\/\/camaracolombiacroacia.org\/#\/schema\/logo\/image\/\"},\"sameAs\":[\"https:\/\/www.facebook.com\/profile.php?id=61561865949317\",\"https:\/\/www.instagram.com\/somoscolombocroatas\/\"]}]}<\/script>\n<!-- \/ Yoast SEO plugin. -->","yoast_head_json":{"title":"Di\u00e1spora Croata - camaracolombiacroacia.org","robots":{"index":"index","follow":"follow","max-snippet":"max-snippet:-1","max-image-preview":"max-image-preview:large","max-video-preview":"max-video-preview:-1"},"canonical":"https:\/\/camaracolombiacroacia.org\/hr\/diaspora-croata\/","og_locale":"hr_HR","og_type":"article","og_title":"Di\u00e1spora Croata - camaracolombiacroacia.org","og_url":"https:\/\/camaracolombiacroacia.org\/hr\/diaspora-croata\/","og_site_name":"camaracolombiacroacia.org","article_publisher":"https:\/\/www.facebook.com\/profile.php?id=61561865949317","article_modified_time":"2025-03-20T02:04:19+00:00","og_image":[{"width":512,"height":256,"url":"https:\/\/camaracolombiacroacia.org\/wp-content\/uploads\/2025\/03\/Logo-Camara-Colombia-Croacia-SOMOS2.png","type":"image\/png"}],"twitter_card":"summary_large_image","twitter_misc":{"Procijenjeno vrijeme \u010ditanja":"2 minute"},"schema":{"@context":"https:\/\/schema.org","@graph":[{"@type":"WebPage","@id":"https:\/\/camaracolombiacroacia.org\/diaspora-croata\/","url":"https:\/\/camaracolombiacroacia.org\/diaspora-croata\/","name":"Di\u00e1spora Croata - camaracolombiacroacia.org","isPartOf":{"@id":"https:\/\/camaracolombiacroacia.org\/#website"},"datePublished":"2025-03-12T18:24:50+00:00","dateModified":"2025-03-20T02:04:19+00:00","breadcrumb":{"@id":"https:\/\/camaracolombiacroacia.org\/diaspora-croata\/#breadcrumb"},"inLanguage":"hr","potentialAction":[{"@type":"ReadAction","target":["https:\/\/camaracolombiacroacia.org\/diaspora-croata\/"]}]},{"@type":"BreadcrumbList","@id":"https:\/\/camaracolombiacroacia.org\/diaspora-croata\/#breadcrumb","itemListElement":[{"@type":"ListItem","position":1,"name":"Inicio","item":"https:\/\/camaracolombiacroacia.org\/"},{"@type":"ListItem","position":2,"name":"Di\u00e1spora Croata"}]},{"@type":"WebSite","@id":"https:\/\/camaracolombiacroacia.org\/#website","url":"https:\/\/camaracolombiacroacia.org\/","name":"C\u00e1mara Comercio Colombia Croacia","description":"Somos el puente que conecta a Colombia y Croacia","publisher":{"@id":"https:\/\/camaracolombiacroacia.org\/#organization"},"potentialAction":[{"@type":"SearchAction","target":{"@type":"EntryPoint","urlTemplate":"https:\/\/camaracolombiacroacia.org\/?s={search_term_string}"},"query-input":{"@type":"PropertyValueSpecification","valueRequired":true,"valueName":"search_term_string"}}],"inLanguage":"hr"},{"@type":"Organization","@id":"https:\/\/camaracolombiacroacia.org\/#organization","name":"C\u00e1mara Comercio Colombia Croacia","url":"https:\/\/camaracolombiacroacia.org\/","logo":{"@type":"ImageObject","inLanguage":"hr","@id":"https:\/\/camaracolombiacroacia.org\/#\/schema\/logo\/image\/","url":"https:\/\/camaracolombiacroacia.org\/wp-content\/uploads\/2025\/03\/Logo-Camara-Colombia-Croacia-SOMOS2.png","contentUrl":"https:\/\/camaracolombiacroacia.org\/wp-content\/uploads\/2025\/03\/Logo-Camara-Colombia-Croacia-SOMOS2.png","width":512,"height":256,"caption":"C\u00e1mara Comercio Colombia Croacia"},"image":{"@id":"https:\/\/camaracolombiacroacia.org\/#\/schema\/logo\/image\/"},"sameAs":["https:\/\/www.facebook.com\/profile.php?id=61561865949317","https:\/\/www.instagram.com\/somoscolombocroatas\/"]}]}},"_hostinger_reach_plugin_has_subscription_block":false,"_hostinger_reach_plugin_is_elementor":false,"_links":{"self":[{"href":"https:\/\/camaracolombiacroacia.org\/hr\/wp-json\/wp\/v2\/pages\/125","targetHints":{"allow":["GET"]}}],"collection":[{"href":"https:\/\/camaracolombiacroacia.org\/hr\/wp-json\/wp\/v2\/pages"}],"about":[{"href":"https:\/\/camaracolombiacroacia.org\/hr\/wp-json\/wp\/v2\/types\/page"}],"author":[{"embeddable":true,"href":"https:\/\/camaracolombiacroacia.org\/hr\/wp-json\/wp\/v2\/users\/2"}],"replies":[{"embeddable":true,"href":"https:\/\/camaracolombiacroacia.org\/hr\/wp-json\/wp\/v2\/comments?post=125"}],"version-history":[{"count":4,"href":"https:\/\/camaracolombiacroacia.org\/hr\/wp-json\/wp\/v2\/pages\/125\/revisions"}],"predecessor-version":[{"id":246,"href":"https:\/\/camaracolombiacroacia.org\/hr\/wp-json\/wp\/v2\/pages\/125\/revisions\/246"}],"wp:attachment":[{"href":"https:\/\/camaracolombiacroacia.org\/hr\/wp-json\/wp\/v2\/media?parent=125"}],"curies":[{"name":"wp","href":"https:\/\/api.w.org\/{rel}","templated":true}]}}