{"id":105,"date":"2025-03-12T18:21:28","date_gmt":"2025-03-12T18:21:28","guid":{"rendered":"https:\/\/camaracolombiacroacia.org\/?page_id=105"},"modified":"2025-03-19T20:35:49","modified_gmt":"2025-03-19T20:35:49","slug":"nosotros","status":"publish","type":"page","link":"https:\/\/camaracolombiacroacia.org\/hr\/nosotros\/","title":{"rendered":"Tko smo mi?"},"content":{"rendered":"<div class=\"wpb-content-wrapper\"><div data-vc-full-width=\"true\" data-vc-full-width-init=\"false\" data-vc-stretch-content=\"true\" class=\"vc_row wpb_row vc_row-fluid vc_custom_1741870222563 vc_row-has-fill vc_row-o-content-middle vc_row-flex wd-disable-overflow wd-rs-67d2d485548ef\"><div class=\"wpb_column vc_column_container vc_col-sm-12 vc_col-lg-4 vc_col-md-4 wd-rs-61926fe92a581\"><div class=\"vc_column-inner vc_custom_1636986862504\"><div class=\"wpb_wrapper\">\t\t<div id=\"wd-67d2d240d4d71\" class=\"wd-image wd-wpb wd-animation-slide-from-top wd-animation-fast wd-rs-67d2d240d4d71 text-center vc_custom_1741869851066\">\n\t\t\t\n\t\t\t<img loading=\"lazy\" decoding=\"async\" width=\"440\" height=\"580\" src=\"https:\/\/camaracolombiacroacia.org\/wp-content\/uploads\/2025\/03\/2-1.png\" class=\"attachment-full size-full\" alt=\"\" srcset=\"https:\/\/camaracolombiacroacia.org\/wp-content\/uploads\/2025\/03\/2-1.png 440w, https:\/\/camaracolombiacroacia.org\/wp-content\/uploads\/2025\/03\/2-1-228x300.png 228w\" sizes=\"auto, (max-width: 440px) 100vw, 440px\" \/>\n\t\t\t\t\t<\/div>\n\t\t<\/div><\/div><\/div><div class=\"wpb_column vc_column_container vc_col-sm-12 vc_col-lg-4 vc_col-md-4 text-center wd-rs-61927ff33cfa9\"><div class=\"vc_column-inner vc_custom_1636990969649\"><div class=\"wpb_wrapper\">\t\t<div id=\"wd-67d24d06ca44a\" class=\"wd-text-block wd-wpb reset-last-child wd-animation-slide-from-top wd-animation-fast wd-rs-67d24d06ca44a hidden-xs text-right wd-font-weight-700 wd-fontsize-custom font-primary vc_custom_1741835535212\">\n\t\t\t<p>MISIJA<\/p>\n\t\t<\/div>\n\t\t\t\t<div id=\"wd-67d24da38f38e\" class=\"wd-text-block wd-wpb reset-last-child wd-animation-slide-from-top wd-animation-fast wd_delay_500 wd-rs-67d24da38f38e text-center wd-fontsize-m vc_custom_1741835691930\">\n\t\t\t<p><em>Radimo na ja\u010danju veza izme\u0111u Kolumbije i Hrvatske<\/em><\/p>\n\t\t<\/div>\n\t\t\n\t\t<div id=\"wd-67d24d2059b46\" class=\"title-wrapper wd-wpb wd-set-mb reset-last-child  wd-animation-slide-from-top wd-animation-fast wd_delay_400 wd-rs-67d24d2059b46 wd-title-color-default wd-title-style-default text-center vc_custom_1741835568107 wd-underline-colored\">\n\t\t\t\n\t\t\t<div class=\"liner-continer\">\n\t\t\t\t<h4 class=\"woodmart-title-container title  wd-font-weight- wd-fontsize-xxxl translation-block\" >Na\u0161a <u>misija<\/u><\/h4>\n\t\t\t\t\t\t\t<\/div>\n\t\t\t\n\t\t\t\n\t\t\t\n\t\t<\/div>\n\t\t\n\t\t\t\t<div id=\"wd-67db2a981d886\" class=\"wd-text-block wd-wpb reset-last-child wd-animation-slide-from-top wd-animation-fast wd_delay_250 wd-rs-67db2a981d886 text-center wd-width-custom wd-fontsize-custom vc_custom_1742416545359\">\n\t\t\t<p style=\"text-align: justify;\">La\u00a0<strong>C\u00e1mara de Comercio Colombia Croacia<\/strong>\u00a0es una entidad sin fines de lucro que busca promover, fortalecer y facilitar las relaciones comerciales, culturales y sociales entre Colombia y Croacia. Nuestra misi\u00f3n es apoyar a empresarios, emprendedores y comunidades de ambos pa\u00edses, fomentando el intercambio de oportunidades, la preservaci\u00f3n de la cultura croata y la integraci\u00f3n de las nuevas generaciones.<\/p>\n\t\t<\/div>\n\t\t<\/div><\/div><\/div><div class=\"wpb_column vc_column_container vc_col-sm-12 vc_col-lg-4 vc_col-md-4 wd-rs-61926ff13410a\"><div class=\"vc_column-inner vc_custom_1636986867350\"><div class=\"wpb_wrapper\">\t\t<div id=\"wd-67d2d442663db\" class=\"wd-image wd-wpb wd-animation-slide-from-top wd-animation-fast wd-rs-67d2d442663db text-center vc_custom_1741870170993\">\n\t\t\t\n\t\t\t<img loading=\"lazy\" decoding=\"async\" width=\"440\" height=\"580\" src=\"https:\/\/camaracolombiacroacia.org\/wp-content\/uploads\/2025\/03\/3.png\" class=\"attachment-full size-full\" alt=\"\" srcset=\"https:\/\/camaracolombiacroacia.org\/wp-content\/uploads\/2025\/03\/3.png 440w, https:\/\/camaracolombiacroacia.org\/wp-content\/uploads\/2025\/03\/3-228x300.png 228w\" sizes=\"auto, (max-width: 440px) 100vw, 440px\" \/>\n\t\t\t\t\t<\/div>\n\t\t<\/div><\/div><\/div><\/div><div class=\"vc_row-full-width vc_clearfix\"><\/div><div data-vc-full-width=\"true\" data-vc-full-width-init=\"false\" data-vc-stretch-content=\"true\" class=\"vc_row wpb_row vc_row-fluid vc_custom_1741870247045 vc_row-has-fill vc_row-o-content-middle vc_row-flex wd-disable-overflow wd-rs-67d2d4a08e876\"><div class=\"wpb_column vc_column_container vc_col-sm-12 vc_col-lg-4 vc_col-md-4 wd-rs-61926fe92a581\"><div class=\"vc_column-inner vc_custom_1636986862504\"><div class=\"wpb_wrapper\">\t\t<div id=\"wd-67d2d45c4a2d4\" class=\"wd-image wd-wpb wd-animation-slide-from-top wd-animation-fast wd-rs-67d2d45c4a2d4 text-center vc_custom_1741870190045\">\n\t\t\t\n\t\t\t<img loading=\"lazy\" decoding=\"async\" width=\"440\" height=\"580\" src=\"https:\/\/camaracolombiacroacia.org\/wp-content\/uploads\/2025\/03\/4.png\" class=\"attachment-full size-full\" alt=\"\" srcset=\"https:\/\/camaracolombiacroacia.org\/wp-content\/uploads\/2025\/03\/4.png 440w, https:\/\/camaracolombiacroacia.org\/wp-content\/uploads\/2025\/03\/4-228x300.png 228w\" sizes=\"auto, (max-width: 440px) 100vw, 440px\" \/>\n\t\t\t\t\t<\/div>\n\t\t<\/div><\/div><\/div><div class=\"wpb_column vc_column_container vc_col-sm-12 vc_col-lg-4 vc_col-md-4 text-center wd-rs-61927ff33cfa9\"><div class=\"vc_column-inner vc_custom_1636990969649\"><div class=\"wpb_wrapper\">\t\t<div id=\"wd-67d2d1192453b\" class=\"wd-text-block wd-wpb reset-last-child wd-animation-slide-from-top wd-animation-fast wd-rs-67d2d1192453b hidden-xs text-right wd-font-weight-700 wd-fontsize-custom font-primary vc_custom_1741869345847\">\n\t\t\t<p>VIZIJA<\/p>\n\t\t<\/div>\n\t\t\t\t<div id=\"wd-67d2d1225e98b\" class=\"wd-text-block wd-wpb reset-last-child wd-animation-slide-from-top wd-animation-fast wd_delay_500 wd-rs-67d2d1225e98b text-center wd-fontsize-m vc_custom_1741869365451\">\n\t\t\t<p><em>Izgradnja budu\u0107nosti prilika i bilateralnih veza.<\/em><\/p>\n\t\t<\/div>\n\t\t\n\t\t<div id=\"wd-67d2d135a8d1b\" class=\"title-wrapper wd-wpb wd-set-mb reset-last-child  wd-animation-slide-from-top wd-animation-fast wd_delay_400 wd-rs-67d2d135a8d1b wd-title-color-default wd-title-style-default text-center vc_custom_1741869381443 wd-underline-colored\">\n\t\t\t\n\t\t\t<div class=\"liner-continer\">\n\t\t\t\t<h4 class=\"woodmart-title-container title  wd-font-weight- wd-fontsize-xxxl translation-block\" >Na\u0161a <u>vizija<\/u><\/h4>\n\t\t\t\t\t\t\t<\/div>\n\t\t\t\n\t\t\t\n\t\t\t\n\t\t<\/div>\n\t\t\n\t\t\t\t<div id=\"wd-67d2d1462f1f5\" class=\"wd-text-block wd-wpb reset-last-child wd-animation-slide-from-top wd-animation-fast wd_delay_250 wd-rs-67d2d1462f1f5 text-center wd-width-custom wd-fontsize-custom vc_custom_1741869410844\">\n\t\t\t<p style=\"text-align: justify;\">Biti referentna organizacija za one koji \u017eele sudjelovati u trgovinskim, kulturnim i dru\u0161tvenim odnosima izme\u0111u Kolumbije i Hrvatske, konsolidiraju\u0107i se kao strate\u0161ki most koji poti\u010de gospodarski rast, kulturnu razmjenu i bilateralnu suradnju.<\/p>\n\t\t<\/div>\n\t\t<\/div><\/div><\/div><div class=\"wpb_column vc_column_container vc_col-sm-12 vc_col-lg-4 vc_col-md-4 wd-rs-61926ff13410a\"><div class=\"vc_column-inner vc_custom_1636986867350\"><div class=\"wpb_wrapper\">\t\t<div id=\"wd-67d2d31b9941d\" class=\"wd-image wd-wpb wd-animation-slide-from-top wd-animation-fast wd-rs-67d2d31b9941d text-center vc_custom_1741869859834\">\n\t\t\t\n\t\t\t<img loading=\"lazy\" decoding=\"async\" width=\"440\" height=\"580\" src=\"https:\/\/camaracolombiacroacia.org\/wp-content\/uploads\/2025\/03\/1-1.png\" class=\"attachment-full size-full\" alt=\"\" srcset=\"https:\/\/camaracolombiacroacia.org\/wp-content\/uploads\/2025\/03\/1-1.png 440w, https:\/\/camaracolombiacroacia.org\/wp-content\/uploads\/2025\/03\/1-1-228x300.png 228w\" sizes=\"auto, (max-width: 440px) 100vw, 440px\" \/>\n\t\t\t\t\t<\/div>\n\t\t<\/div><\/div><\/div><\/div><div class=\"vc_row-full-width vc_clearfix\"><\/div>\n<\/div>","protected":false},"excerpt":{"rendered":"MISI\u00d3N Trabajamos por el fortalecimiento de los lazos entre Colombia y Croacia Nuestra misi\u00f3n La\u00a0C\u00e1mara de Comercio Colombia Croacia\u00a0es una","protected":false},"author":2,"featured_media":0,"parent":0,"menu_order":0,"comment_status":"closed","ping_status":"closed","template":"","meta":{"footnotes":""},"class_list":["post-105","page","type-page","status-publish","hentry"],"yoast_head":"<!-- This site is optimized with the Yoast SEO plugin v27.2 - https:\/\/yoast.com\/product\/yoast-seo-wordpress\/ -->\n<title>Nosotros - camaracolombiacroacia.org<\/title>\n<meta name=\"robots\" content=\"index, follow, max-snippet:-1, max-image-preview:large, max-video-preview:-1\" \/>\n<link rel=\"canonical\" href=\"https:\/\/camaracolombiacroacia.org\/hr\/nosotros\/\" \/>\n<meta property=\"og:locale\" content=\"hr_HR\" \/>\n<meta property=\"og:type\" content=\"article\" \/>\n<meta property=\"og:title\" content=\"Nosotros - camaracolombiacroacia.org\" \/>\n<meta property=\"og:url\" content=\"https:\/\/camaracolombiacroacia.org\/hr\/nosotros\/\" \/>\n<meta property=\"og:site_name\" content=\"camaracolombiacroacia.org\" \/>\n<meta property=\"article:publisher\" content=\"https:\/\/www.facebook.com\/profile.php?id=61561865949317\" \/>\n<meta property=\"article:modified_time\" content=\"2025-03-19T20:35:49+00:00\" \/>\n<meta property=\"og:image\" content=\"https:\/\/camaracolombiacroacia.org\/wp-content\/uploads\/2025\/03\/Logo-Camara-Colombia-Croacia-SOMOS2.png\" \/>\n\t<meta property=\"og:image:width\" content=\"512\" \/>\n\t<meta property=\"og:image:height\" content=\"256\" \/>\n\t<meta property=\"og:image:type\" content=\"image\/png\" \/>\n<meta name=\"twitter:card\" content=\"summary_large_image\" \/>\n<meta name=\"twitter:label1\" content=\"Procijenjeno vrijeme \u010ditanja\" \/>\n\t<meta name=\"twitter:data1\" content=\"12 minuta\" \/>\n<script type=\"application\/ld+json\" class=\"yoast-schema-graph\">{\"@context\":\"https:\/\/schema.org\",\"@graph\":[{\"@type\":\"WebPage\",\"@id\":\"https:\/\/camaracolombiacroacia.org\/nosotros\/\",\"url\":\"https:\/\/camaracolombiacroacia.org\/nosotros\/\",\"name\":\"Nosotros - camaracolombiacroacia.org\",\"isPartOf\":{\"@id\":\"https:\/\/camaracolombiacroacia.org\/#website\"},\"datePublished\":\"2025-03-12T18:21:28+00:00\",\"dateModified\":\"2025-03-19T20:35:49+00:00\",\"breadcrumb\":{\"@id\":\"https:\/\/camaracolombiacroacia.org\/nosotros\/#breadcrumb\"},\"inLanguage\":\"hr\",\"potentialAction\":[{\"@type\":\"ReadAction\",\"target\":[\"https:\/\/camaracolombiacroacia.org\/nosotros\/\"]}]},{\"@type\":\"BreadcrumbList\",\"@id\":\"https:\/\/camaracolombiacroacia.org\/nosotros\/#breadcrumb\",\"itemListElement\":[{\"@type\":\"ListItem\",\"position\":1,\"name\":\"Inicio\",\"item\":\"https:\/\/camaracolombiacroacia.org\/\"},{\"@type\":\"ListItem\",\"position\":2,\"name\":\"Nosotros\"}]},{\"@type\":\"WebSite\",\"@id\":\"https:\/\/camaracolombiacroacia.org\/#website\",\"url\":\"https:\/\/camaracolombiacroacia.org\/\",\"name\":\"C\u00e1mara Comercio Colombia Croacia\",\"description\":\"Somos el puente que conecta a Colombia y Croacia\",\"publisher\":{\"@id\":\"https:\/\/camaracolombiacroacia.org\/#organization\"},\"potentialAction\":[{\"@type\":\"SearchAction\",\"target\":{\"@type\":\"EntryPoint\",\"urlTemplate\":\"https:\/\/camaracolombiacroacia.org\/?s={search_term_string}\"},\"query-input\":{\"@type\":\"PropertyValueSpecification\",\"valueRequired\":true,\"valueName\":\"search_term_string\"}}],\"inLanguage\":\"hr\"},{\"@type\":\"Organization\",\"@id\":\"https:\/\/camaracolombiacroacia.org\/#organization\",\"name\":\"C\u00e1mara Comercio Colombia Croacia\",\"url\":\"https:\/\/camaracolombiacroacia.org\/\",\"logo\":{\"@type\":\"ImageObject\",\"inLanguage\":\"hr\",\"@id\":\"https:\/\/camaracolombiacroacia.org\/#\/schema\/logo\/image\/\",\"url\":\"https:\/\/camaracolombiacroacia.org\/wp-content\/uploads\/2025\/03\/Logo-Camara-Colombia-Croacia-SOMOS2.png\",\"contentUrl\":\"https:\/\/camaracolombiacroacia.org\/wp-content\/uploads\/2025\/03\/Logo-Camara-Colombia-Croacia-SOMOS2.png\",\"width\":512,\"height\":256,\"caption\":\"C\u00e1mara Comercio Colombia Croacia\"},\"image\":{\"@id\":\"https:\/\/camaracolombiacroacia.org\/#\/schema\/logo\/image\/\"},\"sameAs\":[\"https:\/\/www.facebook.com\/profile.php?id=61561865949317\",\"https:\/\/www.instagram.com\/somoscolombocroatas\/\"]}]}<\/script>\n<!-- \/ Yoast SEO plugin. -->","yoast_head_json":{"title":"Nosotros - camaracolombiacroacia.org","robots":{"index":"index","follow":"follow","max-snippet":"max-snippet:-1","max-image-preview":"max-image-preview:large","max-video-preview":"max-video-preview:-1"},"canonical":"https:\/\/camaracolombiacroacia.org\/hr\/nosotros\/","og_locale":"hr_HR","og_type":"article","og_title":"Nosotros - camaracolombiacroacia.org","og_url":"https:\/\/camaracolombiacroacia.org\/hr\/nosotros\/","og_site_name":"camaracolombiacroacia.org","article_publisher":"https:\/\/www.facebook.com\/profile.php?id=61561865949317","article_modified_time":"2025-03-19T20:35:49+00:00","og_image":[{"width":512,"height":256,"url":"https:\/\/camaracolombiacroacia.org\/wp-content\/uploads\/2025\/03\/Logo-Camara-Colombia-Croacia-SOMOS2.png","type":"image\/png"}],"twitter_card":"summary_large_image","twitter_misc":{"Procijenjeno vrijeme \u010ditanja":"12 minuta"},"schema":{"@context":"https:\/\/schema.org","@graph":[{"@type":"WebPage","@id":"https:\/\/camaracolombiacroacia.org\/nosotros\/","url":"https:\/\/camaracolombiacroacia.org\/nosotros\/","name":"Nosotros - camaracolombiacroacia.org","isPartOf":{"@id":"https:\/\/camaracolombiacroacia.org\/#website"},"datePublished":"2025-03-12T18:21:28+00:00","dateModified":"2025-03-19T20:35:49+00:00","breadcrumb":{"@id":"https:\/\/camaracolombiacroacia.org\/nosotros\/#breadcrumb"},"inLanguage":"hr","potentialAction":[{"@type":"ReadAction","target":["https:\/\/camaracolombiacroacia.org\/nosotros\/"]}]},{"@type":"BreadcrumbList","@id":"https:\/\/camaracolombiacroacia.org\/nosotros\/#breadcrumb","itemListElement":[{"@type":"ListItem","position":1,"name":"Inicio","item":"https:\/\/camaracolombiacroacia.org\/"},{"@type":"ListItem","position":2,"name":"Nosotros"}]},{"@type":"WebSite","@id":"https:\/\/camaracolombiacroacia.org\/#website","url":"https:\/\/camaracolombiacroacia.org\/","name":"C\u00e1mara Comercio Colombia Croacia","description":"Somos el puente que conecta a Colombia y Croacia","publisher":{"@id":"https:\/\/camaracolombiacroacia.org\/#organization"},"potentialAction":[{"@type":"SearchAction","target":{"@type":"EntryPoint","urlTemplate":"https:\/\/camaracolombiacroacia.org\/?s={search_term_string}"},"query-input":{"@type":"PropertyValueSpecification","valueRequired":true,"valueName":"search_term_string"}}],"inLanguage":"hr"},{"@type":"Organization","@id":"https:\/\/camaracolombiacroacia.org\/#organization","name":"C\u00e1mara Comercio Colombia Croacia","url":"https:\/\/camaracolombiacroacia.org\/","logo":{"@type":"ImageObject","inLanguage":"hr","@id":"https:\/\/camaracolombiacroacia.org\/#\/schema\/logo\/image\/","url":"https:\/\/camaracolombiacroacia.org\/wp-content\/uploads\/2025\/03\/Logo-Camara-Colombia-Croacia-SOMOS2.png","contentUrl":"https:\/\/camaracolombiacroacia.org\/wp-content\/uploads\/2025\/03\/Logo-Camara-Colombia-Croacia-SOMOS2.png","width":512,"height":256,"caption":"C\u00e1mara Comercio Colombia Croacia"},"image":{"@id":"https:\/\/camaracolombiacroacia.org\/#\/schema\/logo\/image\/"},"sameAs":["https:\/\/www.facebook.com\/profile.php?id=61561865949317","https:\/\/www.instagram.com\/somoscolombocroatas\/"]}]}},"_hostinger_reach_plugin_has_subscription_block":false,"_hostinger_reach_plugin_is_elementor":false,"_links":{"self":[{"href":"https:\/\/camaracolombiacroacia.org\/hr\/wp-json\/wp\/v2\/pages\/105","targetHints":{"allow":["GET"]}}],"collection":[{"href":"https:\/\/camaracolombiacroacia.org\/hr\/wp-json\/wp\/v2\/pages"}],"about":[{"href":"https:\/\/camaracolombiacroacia.org\/hr\/wp-json\/wp\/v2\/types\/page"}],"author":[{"embeddable":true,"href":"https:\/\/camaracolombiacroacia.org\/hr\/wp-json\/wp\/v2\/users\/2"}],"replies":[{"embeddable":true,"href":"https:\/\/camaracolombiacroacia.org\/hr\/wp-json\/wp\/v2\/comments?post=105"}],"version-history":[{"count":20,"href":"https:\/\/camaracolombiacroacia.org\/hr\/wp-json\/wp\/v2\/pages\/105\/revisions"}],"predecessor-version":[{"id":230,"href":"https:\/\/camaracolombiacroacia.org\/hr\/wp-json\/wp\/v2\/pages\/105\/revisions\/230"}],"wp:attachment":[{"href":"https:\/\/camaracolombiacroacia.org\/hr\/wp-json\/wp\/v2\/media?parent=105"}],"curies":[{"name":"wp","href":"https:\/\/api.w.org\/{rel}","templated":true}]}}