{"id":117,"date":"2025-03-12T18:23:59","date_gmt":"2025-03-12T18:23:59","guid":{"rendered":"https:\/\/camaracolombiacroacia.org\/?page_id=117"},"modified":"2025-03-13T13:16:23","modified_gmt":"2025-03-13T13:16:23","slug":"noticias-blog","status":"publish","type":"page","link":"https:\/\/camaracolombiacroacia.org\/en\/noticias-blog\/","title":{"rendered":"Noticias &#038; Blog"},"content":{"rendered":"<div class=\"wpb-content-wrapper\"><div class=\"vc_row wpb_row vc_row-fluid vc_custom_1639144493571 wd-rs-61b35c274e4e1\"><div class=\"wpb_column vc_column_container vc_col-sm-12\"><div class=\"vc_column-inner vc_custom_1619792717475\"><div class=\"wpb_wrapper\">\n\t\t<div id=\"wd-67d1e5f46d81d\" class=\"title-wrapper wd-wpb wd-set-mb reset-last-child  wd-rs-67d1e5f46d81d wd-title-color-primary wd-title-style-default text-center  wd-underline-colored\">\n\t\t\t\t\t\t\t\n\t\t\t\t<div class=\"title-subtitle  subtitle-color-primary font-default subtitle-style-default wd-font-weight-700 wd-fontsize-xs\">Check out our blog<\/div>\n\t\t\t\n\t\t\t<div class=\"liner-continer\">\n\t\t\t\t<h4 class=\"woodmart-title-container title  wd-font-weight- wd-fontsize-xxl\" >News &amp; current affairs<\/h4>\n\t\t\t\t\t\t\t<\/div>\n\t\t\t\n\t\t\t\t\t\t\t<div class=\"title-after_title reset-last-child  wd-fontsize-s\">Information about events, projects and news that unite Colombia and Croatia.<\/div>\n\t\t\t\n\t\t\t\n\t\t<\/div>\n\t\t\n\t\t\t\t\t<div id=\"wd-69dfdd5bdada0\" class=\"wd-carousel-container  wd-wpb wd-rs-67d1ed7db5052  wd-posts wd-blog-element\">\n\t\t\t\t\n\t\t\t\t\n\t\t\t\t<div class=\"wd-carousel-inner\">\n\t\t\t\t\t<div class=\"wd-carousel wd-grid\" data-scroll_per_page=\"yes\" style=\"--wd-col-lg:3;--wd-col-md:3;--wd-col-sm:1;--wd-gap-lg:30px;--wd-gap-sm:10px;\">\n\t\t\t\t\t\t<div class=\"wd-carousel-wrap\">\n\t\t\t\t\t\t\t\t\t<div class=\"wd-carousel-item\">\n\t\t\t\t\t\t\t\n<article id=\"post-392\" class=\"wd-post blog-design-meta-image blog-post-loop blog-style-bg wd-add-shadow post-392 post type-post status-publish format-standard has-post-thumbnail hentry category-noticias\">\n\t\t\t<div class=\"wd-post-inner\">\n\t\n\t<div class=\"wd-post-thumb color-scheme-light\">\n\t\t\t\t\t<div class=\"wd-post-img\">\n\t\t\t\t<img loading=\"lazy\" decoding=\"async\" width=\"740\" height=\"438\" src=\"https:\/\/camaracolombiacroacia.org\/wp-content\/uploads\/2026\/03\/image-1.webp\" class=\"attachment-full size-full\" alt=\"\" srcset=\"https:\/\/camaracolombiacroacia.org\/wp-content\/uploads\/2026\/03\/image-1.webp 740w, https:\/\/camaracolombiacroacia.org\/wp-content\/uploads\/2026\/03\/image-1-300x178.webp 300w, https:\/\/camaracolombiacroacia.org\/wp-content\/uploads\/2026\/03\/image-1-18x12.webp 18w\" sizes=\"auto, (max-width: 740px) 100vw, 740px\" \/>\t\t\t<\/div>\n\t\t\n\t\t\t\t<a class=\"wd-post-link wd-fill\" href=\"https:\/\/camaracolombiacroacia.org\/en\/conectando-mercados-entre-colombia-y-croacia\/\" rel=\"bookmark\" aria-label=\"Link on post Conectando mercados entre Colombia y Croacia\"><\/a>\n\n\t\t\t<\/div>\n\n\t<div class=\"wd-post-content\">\n\t\t<div class=\"wd-post-entry-meta\">\n\t\t\t\n\t\t\t\n\t\t\t\t\t<\/div>\n\n\t\t\t\t\t<h3 class=\"wd-entities-title title post-title\">\n\t\t\t\t<a href=\"https:\/\/camaracolombiacroacia.org\/en\/conectando-mercados-entre-colombia-y-croacia\/\" rel=\"bookmark\">\n\t\t\t\t\tConectando mercados entre Colombia y Croacia\t\t\t\t<\/a>\n\t\t\t<\/h3>\n\t\t\n\t\t\t\t\t<div class=\"wd-post-desc\">\n\t\t\t\t\t\t\t\t\tEl empresario colombiano\u00a0Hugo Villegas, director de convenios y cooperaci\u00f3n internacional de la C\u00e1mara de Comercio Colombia Croacia, de...\t\t\t\t\t\t\t<\/div>\n\t\t\n\t\t\t\t\t\t\t\t\t\t<div class=\"wd-read-more\">\n\t\t\t\t\t\t<a class=\"btn-read-more more-link\" href=\"https:\/\/camaracolombiacroacia.org\/en\/conectando-mercados-entre-colombia-y-croacia\/\">Continue reading<\/a>\t\t\t\t\t<\/div>\n\t\t\t\t\t\t\t<\/div>\n\n\t\t\t<\/div>\n\t<\/article>\n\t\t\t\t\t<\/div>\n\t\t\t\t<div class=\"wd-carousel-item\">\n\t\t\t\t\t\t\t\n<article id=\"post-377\" class=\"wd-post blog-design-meta-image blog-post-loop blog-style-bg wd-add-shadow post-377 post type-post status-publish format-standard has-post-thumbnail hentry category-noticias\">\n\t\t\t<div class=\"wd-post-inner\">\n\t\n\t<div class=\"wd-post-thumb color-scheme-light\">\n\t\t\t\t\t<div class=\"wd-post-img\">\n\t\t\t\t<img loading=\"lazy\" decoding=\"async\" width=\"827\" height=\"478\" src=\"https:\/\/camaracolombiacroacia.org\/wp-content\/uploads\/2026\/03\/Dobitnice-nagrada-Utjecajne-hrvatske-zene-2026-1.jpg\" class=\"attachment-full size-full\" alt=\"\" srcset=\"https:\/\/camaracolombiacroacia.org\/wp-content\/uploads\/2026\/03\/Dobitnice-nagrada-Utjecajne-hrvatske-zene-2026-1.jpg 827w, https:\/\/camaracolombiacroacia.org\/wp-content\/uploads\/2026\/03\/Dobitnice-nagrada-Utjecajne-hrvatske-zene-2026-1-300x173.jpg 300w, https:\/\/camaracolombiacroacia.org\/wp-content\/uploads\/2026\/03\/Dobitnice-nagrada-Utjecajne-hrvatske-zene-2026-1-768x444.jpg 768w\" sizes=\"auto, (max-width: 827px) 100vw, 827px\" \/>\t\t\t<\/div>\n\t\t\n\t\t\t\t<a class=\"wd-post-link wd-fill\" href=\"https:\/\/camaracolombiacroacia.org\/en\/26-mujeres-lideres-croatas-de-11-paises-premiadas-en-zagreb\/\" rel=\"bookmark\" aria-label=\"Link on post 26 mujeres l\u00edderes croatas de 11 pa\u00edses premiadas en Zagreb\"><\/a>\n\n\t\t\t<\/div>\n\n\t<div class=\"wd-post-content\">\n\t\t<div class=\"wd-post-entry-meta\">\n\t\t\t\n\t\t\t\n\t\t\t\t\t<\/div>\n\n\t\t\t\t\t<h3 class=\"wd-entities-title title post-title\">\n\t\t\t\t<a href=\"https:\/\/camaracolombiacroacia.org\/en\/26-mujeres-lideres-croatas-de-11-paises-premiadas-en-zagreb\/\" rel=\"bookmark\">\n\t\t\t\t\t26 Croatian women leaders from 11 countries awarded in Zagreb\t\t\t\t<\/a>\n\t\t\t<\/h3>\n\t\t\n\t\t\t\t\t<div class=\"wd-post-desc\">\n\t\t\t\t\t\t\t\t\tLa ceremonia de entrega de premios, celebrada en el Hotel Westin de Zagreb coincidiendo con el D\u00eda Internacional de la Mujer, honr\u00f3 a\u00a02...\t\t\t\t\t\t\t<\/div>\n\t\t\n\t\t\t\t\t\t\t\t\t\t<div class=\"wd-read-more\">\n\t\t\t\t\t\t<a class=\"btn-read-more more-link\" href=\"https:\/\/camaracolombiacroacia.org\/en\/26-mujeres-lideres-croatas-de-11-paises-premiadas-en-zagreb\/\">Continue reading<\/a>\t\t\t\t\t<\/div>\n\t\t\t\t\t\t\t<\/div>\n\n\t\t\t<\/div>\n\t<\/article>\n\t\t\t\t\t<\/div>\n\t\t\t\t<div class=\"wd-carousel-item\">\n\t\t\t\t\t\t\t\n<article id=\"post-364\" class=\"wd-post blog-design-meta-image blog-post-loop blog-style-bg wd-add-shadow post-364 post type-post status-publish format-standard has-post-thumbnail hentry category-noticias\">\n\t\t\t<div class=\"wd-post-inner\">\n\t\n\t<div class=\"wd-post-thumb color-scheme-light\">\n\t\t\t\t\t<div class=\"wd-post-img\">\n\t\t\t\t<img loading=\"lazy\" decoding=\"async\" width=\"740\" height=\"438\" src=\"https:\/\/camaracolombiacroacia.org\/wp-content\/uploads\/2026\/03\/image.webp\" class=\"attachment-full size-full\" alt=\"\" srcset=\"https:\/\/camaracolombiacroacia.org\/wp-content\/uploads\/2026\/03\/image.webp 740w, https:\/\/camaracolombiacroacia.org\/wp-content\/uploads\/2026\/03\/image-300x178.webp 300w\" sizes=\"auto, (max-width: 740px) 100vw, 740px\" \/>\t\t\t<\/div>\n\t\t\n\t\t\t\t<a class=\"wd-post-link wd-fill\" href=\"https:\/\/camaracolombiacroacia.org\/en\/el-legado-croata-florece-entre-colombia-y-croacia\/\" rel=\"bookmark\" aria-label=\"Link on post El legado croata florece entre Colombia y Croacia\"><\/a>\n\n\t\t\t<\/div>\n\n\t<div class=\"wd-post-content\">\n\t\t<div class=\"wd-post-entry-meta\">\n\t\t\t\n\t\t\t\n\t\t\t\t\t<\/div>\n\n\t\t\t\t\t<h3 class=\"wd-entities-title title post-title\">\n\t\t\t\t<a href=\"https:\/\/camaracolombiacroacia.org\/en\/el-legado-croata-florece-entre-colombia-y-croacia\/\" rel=\"bookmark\">\n\t\t\t\t\tThe Croatian legacy flourishes between Colombia and Croatia\t\t\t\t<\/a>\n\t\t\t<\/h3>\n\t\t\n\t\t\t\t\t<div class=\"wd-post-desc\">\n\t\t\t\t\t\t\t\t\tEl reconocimiento en la categor\u00eda emprendimiento del Premio Mujeres Croatas de Influencia 2026 encuentra en\u00a0\u00c1ngela Sankovich\u00a0una histor...\t\t\t\t\t\t\t<\/div>\n\t\t\n\t\t\t\t\t\t\t\t\t\t<div class=\"wd-read-more\">\n\t\t\t\t\t\t<a class=\"btn-read-more more-link\" href=\"https:\/\/camaracolombiacroacia.org\/en\/el-legado-croata-florece-entre-colombia-y-croacia\/\">Continue reading<\/a>\t\t\t\t\t<\/div>\n\t\t\t\t\t\t\t<\/div>\n\n\t\t\t<\/div>\n\t<\/article>\n\t\t\t\t\t<\/div>\n\t\t\t\t<div class=\"wd-carousel-item\">\n\t\t\t\t\t\t\t\n<article id=\"post-352\" class=\"wd-post blog-design-meta-image blog-post-loop blog-style-bg wd-add-shadow post-352 post type-post status-publish format-standard has-post-thumbnail hentry category-noticias\">\n\t\t\t<div class=\"wd-post-inner\">\n\t\n\t<div class=\"wd-post-thumb color-scheme-light\">\n\t\t\t\t\t<div class=\"wd-post-img\">\n\t\t\t\t<img loading=\"lazy\" decoding=\"async\" width=\"600\" height=\"465\" src=\"https:\/\/camaracolombiacroacia.org\/wp-content\/uploads\/2025\/11\/ea9be031aa564117bef3789984594c14.jpeg\" class=\"attachment-full size-full\" alt=\"\" srcset=\"https:\/\/camaracolombiacroacia.org\/wp-content\/uploads\/2025\/11\/ea9be031aa564117bef3789984594c14.jpeg 600w, https:\/\/camaracolombiacroacia.org\/wp-content\/uploads\/2025\/11\/ea9be031aa564117bef3789984594c14-300x233.jpeg 300w\" sizes=\"auto, (max-width: 600px) 100vw, 600px\" \/>\t\t\t<\/div>\n\t\t\n\t\t\t\t<a class=\"wd-post-link wd-fill\" href=\"https:\/\/camaracolombiacroacia.org\/en\/10-anos-del-premio-mujeres-croatas-influyentes-un-legado-de-liderazgo-innovacion-e-influencia\/\" rel=\"bookmark\" aria-label=\"Link on post 10 a\u00f1os del Premio Mujeres Croatas Influyentes: Un legado de liderazgo, innovaci\u00f3n e influencia\"><\/a>\n\n\t\t\t<\/div>\n\n\t<div class=\"wd-post-content\">\n\t\t<div class=\"wd-post-entry-meta\">\n\t\t\t\n\t\t\t\n\t\t\t\t\t<\/div>\n\n\t\t\t\t\t<h3 class=\"wd-entities-title title post-title\">\n\t\t\t\t<a href=\"https:\/\/camaracolombiacroacia.org\/en\/10-anos-del-premio-mujeres-croatas-influyentes-un-legado-de-liderazgo-innovacion-e-influencia\/\" rel=\"bookmark\">\n\t\t\t\t\t10 a\u00f1os del Premio Mujeres Croatas Influyentes: Un legado de liderazgo, innovaci\u00f3n e influencia\t\t\t\t<\/a>\n\t\t\t<\/h3>\n\t\t\n\t\t\t\t\t<div class=\"wd-post-desc\">\n\t\t\t\t\t\t\t\t\t26 nuevas ganadoras de 11 pa\u00edses ser\u00e1n homenajeadas en Zagreb\r\n\r\nToronto, Canad\u00e1 y Zagreb, Rep\u00fablica de Croacia, 12 de noviembre de 202...\t\t\t\t\t\t\t<\/div>\n\t\t\n\t\t\t\t\t\t\t\t\t\t<div class=\"wd-read-more\">\n\t\t\t\t\t\t<a class=\"btn-read-more more-link\" href=\"https:\/\/camaracolombiacroacia.org\/en\/10-anos-del-premio-mujeres-croatas-influyentes-un-legado-de-liderazgo-innovacion-e-influencia\/\">Continue reading<\/a>\t\t\t\t\t<\/div>\n\t\t\t\t\t\t\t<\/div>\n\n\t\t\t<\/div>\n\t<\/article>\n\t\t\t\t\t<\/div>\n\t\t\t\t\t\t\t\t<\/div>\n\t\t\t\t\t<\/div>\n\n\t\t\t\t\t\t\t<div class=\"wd-nav-arrows wd-pos-sep wd-hover-1 wd-icon-1\">\n\t\t\t<div class=\"wd-btn-arrow wd-prev wd-disabled\">\n\t\t\t\t<div class=\"wd-arrow-inner\"><\/div>\n\t\t\t<\/div>\n\t\t\t<div class=\"wd-btn-arrow wd-next\">\n\t\t\t\t<div class=\"wd-arrow-inner\"><\/div>\n\t\t\t<\/div>\n\t\t<\/div>\n\t\t\t\t\t\t<\/div>\n\n\t\t\t\t\t\t\t\t\t\t\t<\/div>\n\t\t\t<\/div><\/div><\/div><\/div>\n<\/div>","protected":false},"excerpt":{"rendered":"26 nuevas ganadoras de 11 pa\u00edses ser\u00e1n homenajeadas en Zagreb Toronto, Canad\u00e1 y Zagreb, Rep\u00fablica de Croacia, 12 de noviembre","protected":false},"author":2,"featured_media":0,"parent":0,"menu_order":0,"comment_status":"closed","ping_status":"closed","template":"","meta":{"footnotes":""},"class_list":["post-117","page","type-page","status-publish","hentry"],"yoast_head":"<!-- This site is optimized with the Yoast SEO plugin v27.2 - https:\/\/yoast.com\/product\/yoast-seo-wordpress\/ -->\n<title>Noticias &amp; Blog - camaracolombiacroacia.org<\/title>\n<meta name=\"robots\" content=\"index, follow, max-snippet:-1, max-image-preview:large, max-video-preview:-1\" \/>\n<link rel=\"canonical\" href=\"https:\/\/camaracolombiacroacia.org\/en\/noticias-blog\/\" \/>\n<meta property=\"og:locale\" content=\"en_US\" \/>\n<meta property=\"og:type\" content=\"article\" \/>\n<meta property=\"og:title\" content=\"Noticias &amp; Blog - camaracolombiacroacia.org\" \/>\n<meta property=\"og:url\" content=\"https:\/\/camaracolombiacroacia.org\/en\/noticias-blog\/\" \/>\n<meta property=\"og:site_name\" content=\"camaracolombiacroacia.org\" \/>\n<meta property=\"article:publisher\" content=\"https:\/\/www.facebook.com\/profile.php?id=61561865949317\" \/>\n<meta property=\"article:modified_time\" content=\"2025-03-13T13:16:23+00:00\" \/>\n<meta property=\"og:image\" content=\"https:\/\/camaracolombiacroacia.org\/wp-content\/uploads\/2025\/03\/Logo-Camara-Colombia-Croacia-SOMOS2.png\" \/>\n\t<meta property=\"og:image:width\" content=\"512\" \/>\n\t<meta property=\"og:image:height\" content=\"256\" \/>\n\t<meta property=\"og:image:type\" content=\"image\/png\" \/>\n<meta name=\"twitter:card\" content=\"summary_large_image\" \/>\n<meta name=\"twitter:label1\" content=\"Est. reading time\" \/>\n\t<meta name=\"twitter:data1\" content=\"2 minutes\" \/>\n<script type=\"application\/ld+json\" class=\"yoast-schema-graph\">{\"@context\":\"https:\/\/schema.org\",\"@graph\":[{\"@type\":\"WebPage\",\"@id\":\"https:\/\/camaracolombiacroacia.org\/noticias-blog\/\",\"url\":\"https:\/\/camaracolombiacroacia.org\/noticias-blog\/\",\"name\":\"Noticias & Blog - camaracolombiacroacia.org\",\"isPartOf\":{\"@id\":\"https:\/\/camaracolombiacroacia.org\/#website\"},\"datePublished\":\"2025-03-12T18:23:59+00:00\",\"dateModified\":\"2025-03-13T13:16:23+00:00\",\"breadcrumb\":{\"@id\":\"https:\/\/camaracolombiacroacia.org\/noticias-blog\/#breadcrumb\"},\"inLanguage\":\"en-US\",\"potentialAction\":[{\"@type\":\"ReadAction\",\"target\":[\"https:\/\/camaracolombiacroacia.org\/noticias-blog\/\"]}]},{\"@type\":\"BreadcrumbList\",\"@id\":\"https:\/\/camaracolombiacroacia.org\/noticias-blog\/#breadcrumb\",\"itemListElement\":[{\"@type\":\"ListItem\",\"position\":1,\"name\":\"Inicio\",\"item\":\"https:\/\/camaracolombiacroacia.org\/\"},{\"@type\":\"ListItem\",\"position\":2,\"name\":\"Noticias &#038; Blog\"}]},{\"@type\":\"WebSite\",\"@id\":\"https:\/\/camaracolombiacroacia.org\/#website\",\"url\":\"https:\/\/camaracolombiacroacia.org\/\",\"name\":\"C\u00e1mara Comercio Colombia Croacia\",\"description\":\"Somos el puente que conecta a Colombia y Croacia\",\"publisher\":{\"@id\":\"https:\/\/camaracolombiacroacia.org\/#organization\"},\"potentialAction\":[{\"@type\":\"SearchAction\",\"target\":{\"@type\":\"EntryPoint\",\"urlTemplate\":\"https:\/\/camaracolombiacroacia.org\/?s={search_term_string}\"},\"query-input\":{\"@type\":\"PropertyValueSpecification\",\"valueRequired\":true,\"valueName\":\"search_term_string\"}}],\"inLanguage\":\"en-US\"},{\"@type\":\"Organization\",\"@id\":\"https:\/\/camaracolombiacroacia.org\/#organization\",\"name\":\"C\u00e1mara Comercio Colombia Croacia\",\"url\":\"https:\/\/camaracolombiacroacia.org\/\",\"logo\":{\"@type\":\"ImageObject\",\"inLanguage\":\"en-US\",\"@id\":\"https:\/\/camaracolombiacroacia.org\/#\/schema\/logo\/image\/\",\"url\":\"https:\/\/camaracolombiacroacia.org\/wp-content\/uploads\/2025\/03\/Logo-Camara-Colombia-Croacia-SOMOS2.png\",\"contentUrl\":\"https:\/\/camaracolombiacroacia.org\/wp-content\/uploads\/2025\/03\/Logo-Camara-Colombia-Croacia-SOMOS2.png\",\"width\":512,\"height\":256,\"caption\":\"C\u00e1mara Comercio Colombia Croacia\"},\"image\":{\"@id\":\"https:\/\/camaracolombiacroacia.org\/#\/schema\/logo\/image\/\"},\"sameAs\":[\"https:\/\/www.facebook.com\/profile.php?id=61561865949317\",\"https:\/\/www.instagram.com\/somoscolombocroatas\/\"]}]}<\/script>\n<!-- \/ Yoast SEO plugin. -->","yoast_head_json":{"title":"Noticias & Blog - camaracolombiacroacia.org","robots":{"index":"index","follow":"follow","max-snippet":"max-snippet:-1","max-image-preview":"max-image-preview:large","max-video-preview":"max-video-preview:-1"},"canonical":"https:\/\/camaracolombiacroacia.org\/en\/noticias-blog\/","og_locale":"en_US","og_type":"article","og_title":"Noticias & Blog - camaracolombiacroacia.org","og_url":"https:\/\/camaracolombiacroacia.org\/en\/noticias-blog\/","og_site_name":"camaracolombiacroacia.org","article_publisher":"https:\/\/www.facebook.com\/profile.php?id=61561865949317","article_modified_time":"2025-03-13T13:16:23+00:00","og_image":[{"width":512,"height":256,"url":"https:\/\/camaracolombiacroacia.org\/wp-content\/uploads\/2025\/03\/Logo-Camara-Colombia-Croacia-SOMOS2.png","type":"image\/png"}],"twitter_card":"summary_large_image","twitter_misc":{"Est. reading time":"2 minutes"},"schema":{"@context":"https:\/\/schema.org","@graph":[{"@type":"WebPage","@id":"https:\/\/camaracolombiacroacia.org\/noticias-blog\/","url":"https:\/\/camaracolombiacroacia.org\/noticias-blog\/","name":"Noticias & Blog - camaracolombiacroacia.org","isPartOf":{"@id":"https:\/\/camaracolombiacroacia.org\/#website"},"datePublished":"2025-03-12T18:23:59+00:00","dateModified":"2025-03-13T13:16:23+00:00","breadcrumb":{"@id":"https:\/\/camaracolombiacroacia.org\/noticias-blog\/#breadcrumb"},"inLanguage":"en-US","potentialAction":[{"@type":"ReadAction","target":["https:\/\/camaracolombiacroacia.org\/noticias-blog\/"]}]},{"@type":"BreadcrumbList","@id":"https:\/\/camaracolombiacroacia.org\/noticias-blog\/#breadcrumb","itemListElement":[{"@type":"ListItem","position":1,"name":"Inicio","item":"https:\/\/camaracolombiacroacia.org\/"},{"@type":"ListItem","position":2,"name":"Noticias &#038; Blog"}]},{"@type":"WebSite","@id":"https:\/\/camaracolombiacroacia.org\/#website","url":"https:\/\/camaracolombiacroacia.org\/","name":"C\u00e1mara Comercio Colombia Croacia","description":"Somos el puente que conecta a Colombia y Croacia","publisher":{"@id":"https:\/\/camaracolombiacroacia.org\/#organization"},"potentialAction":[{"@type":"SearchAction","target":{"@type":"EntryPoint","urlTemplate":"https:\/\/camaracolombiacroacia.org\/?s={search_term_string}"},"query-input":{"@type":"PropertyValueSpecification","valueRequired":true,"valueName":"search_term_string"}}],"inLanguage":"en-US"},{"@type":"Organization","@id":"https:\/\/camaracolombiacroacia.org\/#organization","name":"C\u00e1mara Comercio Colombia Croacia","url":"https:\/\/camaracolombiacroacia.org\/","logo":{"@type":"ImageObject","inLanguage":"en-US","@id":"https:\/\/camaracolombiacroacia.org\/#\/schema\/logo\/image\/","url":"https:\/\/camaracolombiacroacia.org\/wp-content\/uploads\/2025\/03\/Logo-Camara-Colombia-Croacia-SOMOS2.png","contentUrl":"https:\/\/camaracolombiacroacia.org\/wp-content\/uploads\/2025\/03\/Logo-Camara-Colombia-Croacia-SOMOS2.png","width":512,"height":256,"caption":"C\u00e1mara Comercio Colombia Croacia"},"image":{"@id":"https:\/\/camaracolombiacroacia.org\/#\/schema\/logo\/image\/"},"sameAs":["https:\/\/www.facebook.com\/profile.php?id=61561865949317","https:\/\/www.instagram.com\/somoscolombocroatas\/"]}]}},"_hostinger_reach_plugin_has_subscription_block":false,"_hostinger_reach_plugin_is_elementor":false,"_links":{"self":[{"href":"https:\/\/camaracolombiacroacia.org\/en\/wp-json\/wp\/v2\/pages\/117","targetHints":{"allow":["GET"]}}],"collection":[{"href":"https:\/\/camaracolombiacroacia.org\/en\/wp-json\/wp\/v2\/pages"}],"about":[{"href":"https:\/\/camaracolombiacroacia.org\/en\/wp-json\/wp\/v2\/types\/page"}],"author":[{"embeddable":true,"href":"https:\/\/camaracolombiacroacia.org\/en\/wp-json\/wp\/v2\/users\/2"}],"replies":[{"embeddable":true,"href":"https:\/\/camaracolombiacroacia.org\/en\/wp-json\/wp\/v2\/comments?post=117"}],"version-history":[{"count":4,"href":"https:\/\/camaracolombiacroacia.org\/en\/wp-json\/wp\/v2\/pages\/117\/revisions"}],"predecessor-version":[{"id":205,"href":"https:\/\/camaracolombiacroacia.org\/en\/wp-json\/wp\/v2\/pages\/117\/revisions\/205"}],"wp:attachment":[{"href":"https:\/\/camaracolombiacroacia.org\/en\/wp-json\/wp\/v2\/media?parent=117"}],"curies":[{"name":"wp","href":"https:\/\/api.w.org\/{rel}","templated":true}]}}